{"id":14,"date":"2025-01-07T14:37:29","date_gmt":"2025-01-07T13:37:29","guid":{"rendered":"https:\/\/zsuzsanna-kh.internetworking.hu\/?page_id=14"},"modified":"2025-01-31T09:27:28","modified_gmt":"2025-01-31T08:27:28","slug":"szolgaltatasok","status":"publish","type":"page","link":"https:\/\/zsuzsanna-kh.internetworking.hu\/?page_id=14","title":{"rendered":"Szolg\u00e1ltat\u00e1sok"},"content":{"rendered":"<p>B\u00e1rmilyen elk\u00e9pzel\u00e9se is van, mi megtervezz\u00fck \u00e9s kivitelezz\u00fck. Legyen sz\u00f3 egy kisv\u00e1rosi kert romantikus<br>hangulatr\u00f3l, egy modern v\u00e1rosi dzsungelr\u0151l vagy egy t\u00e1gas park nyugalm\u00e1r\u00f3l, a Fl\u00f3raKert csapata k\u00e9szen \u00e1ll, hogy<br>val\u00f3s\u00e1gg\u00e1 v\u00e1ltsa az \u00e1lmait.<\/p><div class=\"wp-block-query query-cta is-layout-flow wp-block-query-is-layout-flow\"><ul class=\"columns-3 wp-block-post-template is-layout-grid wp-container-core-post-template-is-layout-1 wp-block-post-template-is-layout-grid\"><li class=\"wp-block-post post-18 page type-page status-publish has-post-thumbnail hentry\"><figure class=\"wp-block-post-featured-image\"><a href=\"https:\/\/zsuzsanna-kh.internetworking.hu\/?page_id=18\" target=\"_self\"  ><img loading=\"lazy\" decoding=\"async\" width=\"2000\" height=\"1333\" src=\"https:\/\/zsuzsanna-kh.internetworking.hu\/wp-content\/uploads\/garden.jpg\" class=\"attachment-post-thumbnail size-post-thumbnail wp-post-image\" alt=\"Kert\u00e9p\u00edt\u00e9s\" style=\"object-fit:cover;\" srcset=\"https:\/\/zsuzsanna-kh.internetworking.hu\/wp-content\/uploads\/garden.jpg 2000w, https:\/\/zsuzsanna-kh.internetworking.hu\/wp-content\/uploads\/garden-600x400.jpg 600w, https:\/\/zsuzsanna-kh.internetworking.hu\/wp-content\/uploads\/garden-300x200.jpg 300w, https:\/\/zsuzsanna-kh.internetworking.hu\/wp-content\/uploads\/garden-768x512.jpg 768w, https:\/\/zsuzsanna-kh.internetworking.hu\/wp-content\/uploads\/garden-1024x682.jpg 1024w, https:\/\/zsuzsanna-kh.internetworking.hu\/wp-content\/uploads\/garden-1536x1024.jpg 1536w\" sizes=\"auto, (max-width: 2000px) 100vw, 2000px\" \/><\/a><\/figure>\n\n<h2 class=\"wp-block-post-title\"><a href=\"https:\/\/zsuzsanna-kh.internetworking.hu\/?page_id=18\" target=\"_self\" >Kert\u00e9p\u00edt\u00e9s<\/a><\/h2>\n\n<div class=\"wp-block-post-excerpt\"><p class=\"wp-block-post-excerpt__excerpt\">Kertj\u00e9nek tervez\u00e9se egy kreat\u00edv utaz\u00e1s, ahol az \u00d6n elk\u00e9pzel\u00e9seit, st\u00edlus\u00e1t \u00e9s ig\u00e9nyeit vessz\u00fck figyelembe. Egy\u00fctt alak\u00edtjuk ki az egyedi teret, ahol a term\u00e9szet \u00e9s a m\u0171v\u00e9szet tal\u00e1lkozik.<\/p><p class=\"wp-block-post-excerpt__more-text\"><a class=\"wp-block-post-excerpt__more-link\" href=\"https:\/\/zsuzsanna-kh.internetworking.hu\/?page_id=18\"><strong>R\u00e9szletek:<\/strong><\/a><\/p><\/div><\/li><li class=\"wp-block-post post-20 page type-page status-publish has-post-thumbnail hentry\"><figure class=\"wp-block-post-featured-image\"><a href=\"https:\/\/zsuzsanna-kh.internetworking.hu\/?page_id=20\" target=\"_self\"  ><img loading=\"lazy\" decoding=\"async\" width=\"2000\" height=\"1332\" src=\"https:\/\/zsuzsanna-kh.internetworking.hu\/wp-content\/uploads\/to.jpg\" class=\"attachment-post-thumbnail size-post-thumbnail wp-post-image\" alt=\"Kerti t\u00f3 \u00e9s sziklakert\" style=\"object-fit:cover;\" srcset=\"https:\/\/zsuzsanna-kh.internetworking.hu\/wp-content\/uploads\/to.jpg 2000w, https:\/\/zsuzsanna-kh.internetworking.hu\/wp-content\/uploads\/to-600x400.jpg 600w, https:\/\/zsuzsanna-kh.internetworking.hu\/wp-content\/uploads\/to-300x200.jpg 300w, https:\/\/zsuzsanna-kh.internetworking.hu\/wp-content\/uploads\/to-768x511.jpg 768w, https:\/\/zsuzsanna-kh.internetworking.hu\/wp-content\/uploads\/to-1024x682.jpg 1024w, https:\/\/zsuzsanna-kh.internetworking.hu\/wp-content\/uploads\/to-1536x1023.jpg 1536w\" sizes=\"auto, (max-width: 2000px) 100vw, 2000px\" \/><\/a><\/figure>\n\n<h2 class=\"wp-block-post-title\"><a href=\"https:\/\/zsuzsanna-kh.internetworking.hu\/?page_id=20\" target=\"_self\" >Kerti t\u00f3 \u00e9s sziklakert<\/a><\/h2>\n\n<div class=\"wp-block-post-excerpt\"><p class=\"wp-block-post-excerpt__excerpt\">A v\u00edz \u00e9s k\u0151 var\u00e1zslata. Leny\u0171g\u00f6z\u0151 kerti tavakat \u00e9s sziklakerteket hozunk l\u00e9tre, amelyek kikapcsol\u00f3d\u00e1st \u00e9s harm\u00f3ni\u00e1t hoznak a kertj\u00e9be. A term\u00e9szeti elemek \u00f6sszehangol\u00e1sa m\u0171v\u00e9szet.<\/p><p class=\"wp-block-post-excerpt__more-text\"><a class=\"wp-block-post-excerpt__more-link\" href=\"https:\/\/zsuzsanna-kh.internetworking.hu\/?page_id=20\"><strong>R\u00e9szletek:<\/strong><\/a><\/p><\/div><\/li><li class=\"wp-block-post post-16 page type-page status-publish has-post-thumbnail hentry\"><figure class=\"wp-block-post-featured-image\"><a href=\"https:\/\/zsuzsanna-kh.internetworking.hu\/?page_id=16\" target=\"_self\"  ><img loading=\"lazy\" decoding=\"async\" width=\"2000\" height=\"1332\" src=\"https:\/\/zsuzsanna-kh.internetworking.hu\/wp-content\/uploads\/park.jpg\" class=\"attachment-post-thumbnail size-post-thumbnail wp-post-image\" alt=\"Parkfenntart\u00e1s\" style=\"object-fit:cover;\" srcset=\"https:\/\/zsuzsanna-kh.internetworking.hu\/wp-content\/uploads\/park.jpg 2000w, https:\/\/zsuzsanna-kh.internetworking.hu\/wp-content\/uploads\/park-600x400.jpg 600w, https:\/\/zsuzsanna-kh.internetworking.hu\/wp-content\/uploads\/park-300x200.jpg 300w, https:\/\/zsuzsanna-kh.internetworking.hu\/wp-content\/uploads\/park-768x511.jpg 768w, https:\/\/zsuzsanna-kh.internetworking.hu\/wp-content\/uploads\/park-1024x682.jpg 1024w, https:\/\/zsuzsanna-kh.internetworking.hu\/wp-content\/uploads\/park-1536x1023.jpg 1536w\" sizes=\"auto, (max-width: 2000px) 100vw, 2000px\" \/><\/a><\/figure>\n\n<h2 class=\"wp-block-post-title\"><a href=\"https:\/\/zsuzsanna-kh.internetworking.hu\/?page_id=16\" target=\"_self\" >Parkfenntart\u00e1s<\/a><\/h2>\n\n<div class=\"wp-block-post-excerpt\"><p class=\"wp-block-post-excerpt__excerpt\">V\u00e1rosi parkok, k\u00f6z\u00f6ss\u00e9gi terek vagy mag\u00e1nkertek &#8211; mindegyiket szeretettel \u00e1polt \u00e9s harmonikus helysz\u00ednn\u00e9 alak\u00edtjuk \u00e1t. Az \u00e9lhet\u0151 v\u00e1rosok \u00e9s k\u00e9nyelmes otthonok \u00e9p\u00edt\u00e9s\u00e9ben j\u00e1rtasak vagyunk.<\/p><p class=\"wp-block-post-excerpt__more-text\"><a class=\"wp-block-post-excerpt__more-link\" href=\"https:\/\/zsuzsanna-kh.internetworking.hu\/?page_id=16\"><strong>R\u00e9szletek:<\/strong><\/a><\/p><\/div><\/li><\/ul><\/div><p><\/p>","protected":false},"excerpt":{"rendered":"<p>B\u00e1rmilyen elk\u00e9pzel\u00e9se is van, mi megtervezz\u00fck \u00e9s kivitelezz\u00fck. Legyen sz\u00f3 egy kisv\u00e1rosi kert romantikushangulatr\u00f3l, egy modern v\u00e1rosi dzsungelr\u0151l vagy egy &#8230;<\/p>\n","protected":false},"author":1,"featured_media":0,"parent":0,"menu_order":10,"comment_status":"closed","ping_status":"closed","template":"","meta":{"footnotes":""},"class_list":["post-14","page","type-page","status-publish","hentry"],"_links":{"self":[{"href":"https:\/\/zsuzsanna-kh.internetworking.hu\/index.php?rest_route=\/wp\/v2\/pages\/14","targetHints":{"allow":["GET"]}}],"collection":[{"href":"https:\/\/zsuzsanna-kh.internetworking.hu\/index.php?rest_route=\/wp\/v2\/pages"}],"about":[{"href":"https:\/\/zsuzsanna-kh.internetworking.hu\/index.php?rest_route=\/wp\/v2\/types\/page"}],"author":[{"embeddable":true,"href":"https:\/\/zsuzsanna-kh.internetworking.hu\/index.php?rest_route=\/wp\/v2\/users\/1"}],"replies":[{"embeddable":true,"href":"https:\/\/zsuzsanna-kh.internetworking.hu\/index.php?rest_route=%2Fwp%2Fv2%2Fcomments&post=14"}],"version-history":[{"count":6,"href":"https:\/\/zsuzsanna-kh.internetworking.hu\/index.php?rest_route=\/wp\/v2\/pages\/14\/revisions"}],"predecessor-version":[{"id":257,"href":"https:\/\/zsuzsanna-kh.internetworking.hu\/index.php?rest_route=\/wp\/v2\/pages\/14\/revisions\/257"}],"wp:attachment":[{"href":"https:\/\/zsuzsanna-kh.internetworking.hu\/index.php?rest_route=%2Fwp%2Fv2%2Fmedia&parent=14"}],"curies":[{"name":"wp","href":"https:\/\/api.w.org\/{rel}","templated":true}]}}