{"id":9,"date":"2025-01-07T14:36:16","date_gmt":"2025-01-07T13:36:16","guid":{"rendered":"https:\/\/zsuzsanna-kh.internetworking.hu\/?page_id=9"},"modified":"2025-02-04T13:33:06","modified_gmt":"2025-02-04T12:33:06","slug":"kezdolap","status":"publish","type":"page","link":"https:\/\/zsuzsanna-kh.internetworking.hu\/","title":{"rendered":"Kezd\u0151lap"},"content":{"rendered":"<div class=\"wp-block-group hero wide home-hero\"><div class=\"wp-block-group__inner-container is-layout-constrained wp-block-group-is-layout-constrained\"><div class=\"wp-block-columns is-layout-flex wp-container-core-columns-is-layout-1 wp-block-columns-is-layout-flex\"><div class=\"wp-block-column is-layout-flow wp-block-column-is-layout-flow\" style=\"flex-basis:55%\"><p class=\"highlight\"><strong>Z\u00f6ld\u00fclj\u00f6n vel\u00fcnk!<\/strong><\/p>\n\n<h1 class=\"wp-block-heading\">Kreat\u00edv kerttervez\u00e9s egy fenntarthat\u00f3bb j\u00f6v\u0151\u00e9rt!<\/h1>\n\n<p>A v\u00e1llalkoz\u00e1sunk kert\u00e9p\u00edt\u00e9ssel, parkrendez\u00e9ssel, kerti t\u00f3 \u00e9s sziklakert \u00e9p\u00edt\u00e9ssel foglalkozik. C\u00e9lunk olyan&nbsp;<strong>gy\u00f6ny\u00f6r\u0171 \u00e9s funkci\u00f3n\u00e1lis kertek l\u00e9trehoz\u00e1sa<\/strong>, amelyek \u00f6r\u00f6met okoznak \u00fcgyfeleiknek, \u00e9s a term\u00e9szet harm\u00f3ni\u00e1j\u00e1t hozz\u00e1k be az otthonaikba \u00e9s k\u00f6rnyezet\u00fckbe.<\/p>\n\n<div class=\"wp-block-buttons is-layout-flex wp-block-buttons-is-layout-flex\"><div class=\"wp-block-button\"><a class=\"wp-block-button__link wp-element-button\" href=\"https:\/\/zsuzsanna-kh.internetworking.hu\/?page_id=28\">Aj\u00e1nlatk\u00e9r\u00e9s<\/a><\/div><\/div><\/div>\n\n<div class=\"wp-block-column is-layout-flow wp-block-column-is-layout-flow\" style=\"flex-basis:45%\"><\/div><\/div><\/div><\/div><div style=\"height:100px\" aria-hidden=\"true\" class=\"wp-block-spacer\"><\/div><p class=\"has-text-align-center highlight \"><strong>Kert\u00e9p\u00edt\u00e9s \u00e9s Parkrendez\u00e9s<\/strong><\/p><h2 class=\"wp-block-heading has-text-align-center\"><strong>\u00c9letre keltj\u00fck az \u00d6n elk\u00e9pzel\u00e9seit!<\/strong><\/h2><p class=\"has-text-align-center narrow\">B\u00e1rmilyen elk\u00e9pzel\u00e9se is van, mi megtervezz\u00fck \u00e9s kivitelezz\u00fck. Legyen sz\u00f3 egy kisv\u00e1rosi kert romantikus hangulatr\u00f3l, egy modern v\u00e1rosi dzsungelr\u0151l vagy egy t\u00e1gas park nyugalm\u00e1r\u00f3l, a Fl\u00f3raKert csapata k\u00e9szen \u00e1ll, hogy val\u00f3s\u00e1gg\u00e1 v\u00e1ltsa az \u00e1lmait.<\/p><div style=\"height:75px\" aria-hidden=\"true\" class=\"wp-block-spacer\"><\/div><div class=\"wp-block-query query-cta is-layout-flow wp-block-query-is-layout-flow\"><ul class=\"columns-3 wp-block-post-template is-layout-grid wp-container-core-post-template-is-layout-1 wp-block-post-template-is-layout-grid\"><li class=\"wp-block-post post-18 page type-page status-publish has-post-thumbnail hentry\"><figure class=\"wp-block-post-featured-image\"><a href=\"https:\/\/zsuzsanna-kh.internetworking.hu\/?page_id=18\" target=\"_self\"  ><img loading=\"lazy\" decoding=\"async\" width=\"2000\" height=\"1333\" src=\"https:\/\/zsuzsanna-kh.internetworking.hu\/wp-content\/uploads\/garden.jpg\" class=\"attachment-post-thumbnail size-post-thumbnail wp-post-image\" alt=\"Kert\u00e9p\u00edt\u00e9s\" style=\"object-fit:cover;\" srcset=\"https:\/\/zsuzsanna-kh.internetworking.hu\/wp-content\/uploads\/garden.jpg 2000w, https:\/\/zsuzsanna-kh.internetworking.hu\/wp-content\/uploads\/garden-600x400.jpg 600w, https:\/\/zsuzsanna-kh.internetworking.hu\/wp-content\/uploads\/garden-300x200.jpg 300w, https:\/\/zsuzsanna-kh.internetworking.hu\/wp-content\/uploads\/garden-768x512.jpg 768w, https:\/\/zsuzsanna-kh.internetworking.hu\/wp-content\/uploads\/garden-1024x682.jpg 1024w, https:\/\/zsuzsanna-kh.internetworking.hu\/wp-content\/uploads\/garden-1536x1024.jpg 1536w\" sizes=\"auto, (max-width: 2000px) 100vw, 2000px\" \/><\/a><\/figure>\n\n<h3 class=\"wp-block-post-title\"><a href=\"https:\/\/zsuzsanna-kh.internetworking.hu\/?page_id=18\" target=\"_self\" >Kert\u00e9p\u00edt\u00e9s<\/a><\/h3>\n\n<div class=\"wp-block-post-excerpt\"><p class=\"wp-block-post-excerpt__excerpt\">Kertj\u00e9nek tervez\u00e9se egy kreat\u00edv utaz\u00e1s, ahol az \u00d6n elk\u00e9pzel\u00e9seit, st\u00edlus\u00e1t \u00e9s ig\u00e9nyeit vessz\u00fck figyelembe. Egy\u00fctt alak\u00edtjuk ki az egyedi teret, ahol a term\u00e9szet \u00e9s a m\u0171v\u00e9szet tal\u00e1lkozik.<\/p><p class=\"wp-block-post-excerpt__more-text\"><a class=\"wp-block-post-excerpt__more-link\" href=\"https:\/\/zsuzsanna-kh.internetworking.hu\/?page_id=18\"><strong>R\u00e9szletek:<\/strong><\/a><\/p><\/div><\/li><li class=\"wp-block-post post-16 page type-page status-publish has-post-thumbnail hentry\"><figure class=\"wp-block-post-featured-image\"><a href=\"https:\/\/zsuzsanna-kh.internetworking.hu\/?page_id=16\" target=\"_self\"  ><img loading=\"lazy\" decoding=\"async\" width=\"2000\" height=\"1332\" src=\"https:\/\/zsuzsanna-kh.internetworking.hu\/wp-content\/uploads\/park.jpg\" class=\"attachment-post-thumbnail size-post-thumbnail wp-post-image\" alt=\"Parkfenntart\u00e1s\" style=\"object-fit:cover;\" srcset=\"https:\/\/zsuzsanna-kh.internetworking.hu\/wp-content\/uploads\/park.jpg 2000w, https:\/\/zsuzsanna-kh.internetworking.hu\/wp-content\/uploads\/park-600x400.jpg 600w, https:\/\/zsuzsanna-kh.internetworking.hu\/wp-content\/uploads\/park-300x200.jpg 300w, https:\/\/zsuzsanna-kh.internetworking.hu\/wp-content\/uploads\/park-768x511.jpg 768w, https:\/\/zsuzsanna-kh.internetworking.hu\/wp-content\/uploads\/park-1024x682.jpg 1024w, https:\/\/zsuzsanna-kh.internetworking.hu\/wp-content\/uploads\/park-1536x1023.jpg 1536w\" sizes=\"auto, (max-width: 2000px) 100vw, 2000px\" \/><\/a><\/figure>\n\n<h3 class=\"wp-block-post-title\"><a href=\"https:\/\/zsuzsanna-kh.internetworking.hu\/?page_id=16\" target=\"_self\" >Parkfenntart\u00e1s<\/a><\/h3>\n\n<div class=\"wp-block-post-excerpt\"><p class=\"wp-block-post-excerpt__excerpt\">V\u00e1rosi parkok, k\u00f6z\u00f6ss\u00e9gi terek vagy mag\u00e1nkertek &#8211; mindegyiket szeretettel \u00e1polt \u00e9s harmonikus helysz\u00ednn\u00e9 alak\u00edtjuk \u00e1t. Az \u00e9lhet\u0151 v\u00e1rosok \u00e9s k\u00e9nyelmes otthonok \u00e9p\u00edt\u00e9s\u00e9ben j\u00e1rtasak vagyunk.<\/p><p class=\"wp-block-post-excerpt__more-text\"><a class=\"wp-block-post-excerpt__more-link\" href=\"https:\/\/zsuzsanna-kh.internetworking.hu\/?page_id=16\"><strong>R\u00e9szletek:<\/strong><\/a><\/p><\/div><\/li><li class=\"wp-block-post post-20 page type-page status-publish has-post-thumbnail hentry\"><figure class=\"wp-block-post-featured-image\"><a href=\"https:\/\/zsuzsanna-kh.internetworking.hu\/?page_id=20\" target=\"_self\"  ><img loading=\"lazy\" decoding=\"async\" width=\"2000\" height=\"1332\" src=\"https:\/\/zsuzsanna-kh.internetworking.hu\/wp-content\/uploads\/to.jpg\" class=\"attachment-post-thumbnail size-post-thumbnail wp-post-image\" alt=\"Kerti t\u00f3 \u00e9s sziklakert\" style=\"object-fit:cover;\" srcset=\"https:\/\/zsuzsanna-kh.internetworking.hu\/wp-content\/uploads\/to.jpg 2000w, https:\/\/zsuzsanna-kh.internetworking.hu\/wp-content\/uploads\/to-600x400.jpg 600w, https:\/\/zsuzsanna-kh.internetworking.hu\/wp-content\/uploads\/to-300x200.jpg 300w, https:\/\/zsuzsanna-kh.internetworking.hu\/wp-content\/uploads\/to-768x511.jpg 768w, https:\/\/zsuzsanna-kh.internetworking.hu\/wp-content\/uploads\/to-1024x682.jpg 1024w, https:\/\/zsuzsanna-kh.internetworking.hu\/wp-content\/uploads\/to-1536x1023.jpg 1536w\" sizes=\"auto, (max-width: 2000px) 100vw, 2000px\" \/><\/a><\/figure>\n\n<h3 class=\"wp-block-post-title\"><a href=\"https:\/\/zsuzsanna-kh.internetworking.hu\/?page_id=20\" target=\"_self\" >Kerti t\u00f3 \u00e9s sziklakert<\/a><\/h3>\n\n<div class=\"wp-block-post-excerpt\"><p class=\"wp-block-post-excerpt__excerpt\">A v\u00edz \u00e9s k\u0151 var\u00e1zslata. Leny\u0171g\u00f6z\u0151 kerti tavakat \u00e9s sziklakerteket hozunk l\u00e9tre, amelyek kikapcsol\u00f3d\u00e1st \u00e9s harm\u00f3ni\u00e1t hoznak a kertj\u00e9be. A term\u00e9szeti elemek \u00f6sszehangol\u00e1sa m\u0171v\u00e9szet.<\/p><p class=\"wp-block-post-excerpt__more-text\"><a class=\"wp-block-post-excerpt__more-link\" href=\"https:\/\/zsuzsanna-kh.internetworking.hu\/?page_id=20\"><strong>R\u00e9szletek:<\/strong><\/a><\/p><\/div><\/li><\/ul>\n\n<div style=\"height:100px\" aria-hidden=\"true\" class=\"wp-block-spacer\"><\/div><\/div><div class=\"wp-block-columns home-portfolio is-layout-flex wp-container-core-columns-is-layout-2 wp-block-columns-is-layout-flex\"><div class=\"wp-block-column home-portfolio-txt is-layout-flow wp-block-column-is-layout-flow\" style=\"flex-basis:25%\"><h2 class=\"wp-block-heading\">Referenci\u00e1k \u00e9s sikert\u00f6rt\u00e9netek<\/h2>\n\n<p>B\u00fcszk\u00e9k vagyunk arra, hogy sz\u00e1mos sikeres projektet val\u00f3s\u00edtottunk meg, \u00e9s hogy \u00fcgyfeleink visszat\u00e9rnek hozz\u00e1nk. Ismerje meg, mit mondanak r\u00f3lunk azok, akik m\u00e1r megtapasztalt\u00e1k szolg\u00e1ltat\u00e1sainkat!<\/p>\n\n<div class=\"wp-block-buttons is-layout-flex wp-block-buttons-is-layout-flex\"><div class=\"wp-block-button\"><a class=\"wp-block-button__link wp-element-button\" href=\"https:\/\/zsuzsanna-kh.internetworking.hu\/?page_id=22\">B\u0151vebben r\u00f3lunk<\/a><\/div><\/div><\/div>\n\n<div class=\"wp-block-column is-layout-flow wp-block-column-is-layout-flow\" style=\"flex-basis:75%\"><div class=\"wp-block-query portfolio is-layout-flow wp-block-query-is-layout-flow\"><ul class=\"columns-3 wp-block-post-template is-layout-grid wp-container-core-post-template-is-layout-2 wp-block-post-template-is-layout-grid\"><li class=\"wp-block-post post-175 page type-page status-publish has-post-thumbnail hentry\"><figure class=\"wp-block-post-featured-image\"><a href=\"https:\/\/zsuzsanna-kh.internetworking.hu\/?page_id=175\" target=\"_self\"  ><img loading=\"lazy\" decoding=\"async\" width=\"2000\" height=\"1333\" src=\"https:\/\/zsuzsanna-kh.internetworking.hu\/wp-content\/uploads\/ref1.jpg\" class=\"attachment-post-thumbnail size-post-thumbnail wp-post-image\" alt=\"\u00c1lomkert a budai hegyoldalon\" style=\"object-fit:cover;\" srcset=\"https:\/\/zsuzsanna-kh.internetworking.hu\/wp-content\/uploads\/ref1.jpg 2000w, https:\/\/zsuzsanna-kh.internetworking.hu\/wp-content\/uploads\/ref1-600x400.jpg 600w, https:\/\/zsuzsanna-kh.internetworking.hu\/wp-content\/uploads\/ref1-300x200.jpg 300w, https:\/\/zsuzsanna-kh.internetworking.hu\/wp-content\/uploads\/ref1-768x512.jpg 768w, https:\/\/zsuzsanna-kh.internetworking.hu\/wp-content\/uploads\/ref1-1024x682.jpg 1024w, https:\/\/zsuzsanna-kh.internetworking.hu\/wp-content\/uploads\/ref1-1536x1024.jpg 1536w\" sizes=\"auto, (max-width: 2000px) 100vw, 2000px\" \/><\/a><\/figure>\n\n<h3 class=\"wp-block-post-title\">\u00c1lomkert a budai hegyoldalon<\/h3><\/li><li class=\"wp-block-post post-177 page type-page status-publish has-post-thumbnail hentry\"><figure class=\"wp-block-post-featured-image\"><a href=\"https:\/\/zsuzsanna-kh.internetworking.hu\/?page_id=177\" target=\"_self\"  ><img loading=\"lazy\" decoding=\"async\" width=\"1333\" height=\"2000\" src=\"https:\/\/zsuzsanna-kh.internetworking.hu\/wp-content\/uploads\/ref4.jpg\" class=\"attachment-post-thumbnail size-post-thumbnail wp-post-image\" alt=\"Debreceni v\u00e1rosi z\u00f6ldter\u00f6let meg\u00faj\u00edt\u00e1sa\" style=\"object-fit:cover;\" srcset=\"https:\/\/zsuzsanna-kh.internetworking.hu\/wp-content\/uploads\/ref4.jpg 1333w, https:\/\/zsuzsanna-kh.internetworking.hu\/wp-content\/uploads\/ref4-600x900.jpg 600w, https:\/\/zsuzsanna-kh.internetworking.hu\/wp-content\/uploads\/ref4-200x300.jpg 200w, https:\/\/zsuzsanna-kh.internetworking.hu\/wp-content\/uploads\/ref4-768x1152.jpg 768w, https:\/\/zsuzsanna-kh.internetworking.hu\/wp-content\/uploads\/ref4-682x1024.jpg 682w, https:\/\/zsuzsanna-kh.internetworking.hu\/wp-content\/uploads\/ref4-267x400.jpg 267w, https:\/\/zsuzsanna-kh.internetworking.hu\/wp-content\/uploads\/ref4-1024x1536.jpg 1024w\" sizes=\"auto, (max-width: 1333px) 100vw, 1333px\" \/><\/a><\/figure>\n\n<h3 class=\"wp-block-post-title\">Debreceni v\u00e1rosi z\u00f6ldter\u00f6let meg\u00faj\u00edt\u00e1sa<\/h3><\/li><li class=\"wp-block-post post-179 page type-page status-publish has-post-thumbnail hentry\"><figure class=\"wp-block-post-featured-image\"><a href=\"https:\/\/zsuzsanna-kh.internetworking.hu\/?page_id=179\" target=\"_self\"  ><img loading=\"lazy\" decoding=\"async\" width=\"1338\" height=\"2000\" src=\"https:\/\/zsuzsanna-kh.internetworking.hu\/wp-content\/uploads\/ref5.jpg\" class=\"attachment-post-thumbnail size-post-thumbnail wp-post-image\" alt=\"H\u00e9tv\u00e9gi pigen\u0151kert\" style=\"object-fit:cover;\" srcset=\"https:\/\/zsuzsanna-kh.internetworking.hu\/wp-content\/uploads\/ref5.jpg 1338w, https:\/\/zsuzsanna-kh.internetworking.hu\/wp-content\/uploads\/ref5-600x897.jpg 600w, https:\/\/zsuzsanna-kh.internetworking.hu\/wp-content\/uploads\/ref5-201x300.jpg 201w, https:\/\/zsuzsanna-kh.internetworking.hu\/wp-content\/uploads\/ref5-768x1148.jpg 768w, https:\/\/zsuzsanna-kh.internetworking.hu\/wp-content\/uploads\/ref5-685x1024.jpg 685w, https:\/\/zsuzsanna-kh.internetworking.hu\/wp-content\/uploads\/ref5-268x400.jpg 268w, https:\/\/zsuzsanna-kh.internetworking.hu\/wp-content\/uploads\/ref5-1028x1536.jpg 1028w\" sizes=\"auto, (max-width: 1338px) 100vw, 1338px\" \/><\/a><\/figure>\n\n<h3 class=\"wp-block-post-title\">H\u00e9tv\u00e9gi pigen\u0151kert<\/h3><\/li><li class=\"wp-block-post post-181 page type-page status-publish has-post-thumbnail hentry\"><figure class=\"wp-block-post-featured-image\"><a href=\"https:\/\/zsuzsanna-kh.internetworking.hu\/?page_id=181\" target=\"_self\"  ><img loading=\"lazy\" decoding=\"async\" width=\"2000\" height=\"1333\" src=\"https:\/\/zsuzsanna-kh.internetworking.hu\/wp-content\/uploads\/ref3.jpg\" class=\"attachment-post-thumbnail size-post-thumbnail wp-post-image\" alt=\"Egri k\u00faria kertje\" style=\"object-fit:cover;\" srcset=\"https:\/\/zsuzsanna-kh.internetworking.hu\/wp-content\/uploads\/ref3.jpg 2000w, https:\/\/zsuzsanna-kh.internetworking.hu\/wp-content\/uploads\/ref3-600x400.jpg 600w, https:\/\/zsuzsanna-kh.internetworking.hu\/wp-content\/uploads\/ref3-300x200.jpg 300w, https:\/\/zsuzsanna-kh.internetworking.hu\/wp-content\/uploads\/ref3-768x512.jpg 768w, https:\/\/zsuzsanna-kh.internetworking.hu\/wp-content\/uploads\/ref3-1024x682.jpg 1024w, https:\/\/zsuzsanna-kh.internetworking.hu\/wp-content\/uploads\/ref3-1536x1024.jpg 1536w\" sizes=\"auto, (max-width: 2000px) 100vw, 2000px\" \/><\/a><\/figure>\n\n<h3 class=\"wp-block-post-title\">Egri k\u00faria kertje<\/h3><\/li><li class=\"wp-block-post post-185 page type-page status-publish has-post-thumbnail hentry\"><figure class=\"wp-block-post-featured-image\"><a href=\"https:\/\/zsuzsanna-kh.internetworking.hu\/?page_id=185\" target=\"_self\"  ><img loading=\"lazy\" decoding=\"async\" width=\"2560\" height=\"1707\" src=\"https:\/\/zsuzsanna-kh.internetworking.hu\/wp-content\/uploads\/ref2-scaled.jpg\" class=\"attachment-post-thumbnail size-post-thumbnail wp-post-image\" alt=\"Mediterr\u00e1n hangulat\u00fa parkerd\u0151\" style=\"object-fit:cover;\" srcset=\"https:\/\/zsuzsanna-kh.internetworking.hu\/wp-content\/uploads\/ref2-scaled.jpg 2560w, https:\/\/zsuzsanna-kh.internetworking.hu\/wp-content\/uploads\/ref2-600x400.jpg 600w, https:\/\/zsuzsanna-kh.internetworking.hu\/wp-content\/uploads\/ref2-300x200.jpg 300w, https:\/\/zsuzsanna-kh.internetworking.hu\/wp-content\/uploads\/ref2-768x512.jpg 768w, https:\/\/zsuzsanna-kh.internetworking.hu\/wp-content\/uploads\/ref2-1024x683.jpg 1024w, https:\/\/zsuzsanna-kh.internetworking.hu\/wp-content\/uploads\/ref2-1536x1024.jpg 1536w, https:\/\/zsuzsanna-kh.internetworking.hu\/wp-content\/uploads\/ref2-2048x1365.jpg 2048w\" sizes=\"auto, (max-width: 2560px) 100vw, 2560px\" \/><\/a><\/figure>\n\n<h3 class=\"wp-block-post-title\">Mediterr\u00e1n hangulat\u00fa parkerd\u0151<\/h3><\/li><li class=\"wp-block-post post-183 page type-page status-publish has-post-thumbnail hentry\"><figure class=\"wp-block-post-featured-image\"><a href=\"https:\/\/zsuzsanna-kh.internetworking.hu\/?page_id=183\" target=\"_self\"  ><img loading=\"lazy\" decoding=\"async\" width=\"1333\" height=\"2000\" src=\"https:\/\/zsuzsanna-kh.internetworking.hu\/wp-content\/uploads\/ref6.jpg\" class=\"attachment-post-thumbnail size-post-thumbnail wp-post-image\" alt=\"Veszpr\u00e9mi v\u00e1rkert \u00fajragondolva\" style=\"object-fit:cover;\" srcset=\"https:\/\/zsuzsanna-kh.internetworking.hu\/wp-content\/uploads\/ref6.jpg 1333w, https:\/\/zsuzsanna-kh.internetworking.hu\/wp-content\/uploads\/ref6-600x900.jpg 600w, https:\/\/zsuzsanna-kh.internetworking.hu\/wp-content\/uploads\/ref6-200x300.jpg 200w, https:\/\/zsuzsanna-kh.internetworking.hu\/wp-content\/uploads\/ref6-768x1152.jpg 768w, https:\/\/zsuzsanna-kh.internetworking.hu\/wp-content\/uploads\/ref6-682x1024.jpg 682w, https:\/\/zsuzsanna-kh.internetworking.hu\/wp-content\/uploads\/ref6-267x400.jpg 267w, https:\/\/zsuzsanna-kh.internetworking.hu\/wp-content\/uploads\/ref6-1024x1536.jpg 1024w\" sizes=\"auto, (max-width: 1333px) 100vw, 1333px\" \/><\/a><\/figure>\n\n<h3 class=\"wp-block-post-title\">Veszpr\u00e9mi v\u00e1rkert \u00fajragondolva<\/h3><\/li><\/ul><\/div><\/div><\/div><div class=\"wp-block-group wide lime-bg\"><div class=\"wp-block-group__inner-container is-layout-constrained wp-block-group-is-layout-constrained\"><h2 class=\"wp-block-heading has-text-align-center\">K\u00e9szen \u00e1ll \u00e1lomkertje megval\u00f3s\u00edt\u00e1s\u00e1ra?<\/h2>\n\n<p class=\"has-text-align-center narrow\">Ha m\u00e1r van elk\u00e9pzel\u00e9se, vagy m\u00e9g csak inspir\u00e1ci\u00f3t keres, mi itt vagyunk, hogy seg\u00edts\u00fcnk! K\u00e9rjen szem\u00e9lyre szabott \u00e1raj\u00e1nlatot, \u00e9s kezdj\u00fck el egy\u00fctt tervezni az \u00d6n \u00e1lomkertj\u00e9t!<\/p>\n\n<div class=\"wp-block-buttons is-content-justification-center is-layout-flex wp-container-core-buttons-is-layout-3 wp-block-buttons-is-layout-flex\"><div class=\"wp-block-button\"><a class=\"wp-block-button__link wp-element-button\">Aj\u00e1nlatk\u00e9r\u00e9s<\/a><\/div><\/div><\/div><\/div><div style=\"height:100px\" aria-hidden=\"true\" class=\"wp-block-spacer\"><\/div><div class=\"wp-block-columns is-layout-flex wp-container-core-columns-is-layout-3 wp-block-columns-is-layout-flex\"><div class=\"wp-block-column is-layout-flow wp-block-column-is-layout-flow\"><figure class=\"wp-block-gallery has-nested-images columns-1 team wp-block-gallery-1 is-layout-flex wp-block-gallery-is-layout-flex\"><figure class=\"wp-block-image size-large\"><img loading=\"lazy\" decoding=\"async\" width=\"683\" height=\"1024\" src=\"https:\/\/zsuzsanna-kh.internetworking.hu\/wp-content\/uploads\/balazs-1-683x1024.jpg\" alt=\"\" class=\"wp-image-199\" srcset=\"https:\/\/zsuzsanna-kh.internetworking.hu\/wp-content\/uploads\/balazs-1-683x1024.jpg 683w, https:\/\/zsuzsanna-kh.internetworking.hu\/wp-content\/uploads\/balazs-1-600x900.jpg 600w, https:\/\/zsuzsanna-kh.internetworking.hu\/wp-content\/uploads\/balazs-1-200x300.jpg 200w, https:\/\/zsuzsanna-kh.internetworking.hu\/wp-content\/uploads\/balazs-1-768x1152.jpg 768w, https:\/\/zsuzsanna-kh.internetworking.hu\/wp-content\/uploads\/balazs-1-267x400.jpg 267w, https:\/\/zsuzsanna-kh.internetworking.hu\/wp-content\/uploads\/balazs-1.jpg 1000w\" sizes=\"auto, (max-width: 683px) 100vw, 683px\" \/><\/figure>\n\n<figure class=\"wp-block-image size-large\"><img loading=\"lazy\" decoding=\"async\" width=\"1024\" height=\"683\" src=\"https:\/\/zsuzsanna-kh.internetworking.hu\/wp-content\/uploads\/t1-1024x683.jpg\" alt=\"\" class=\"wp-image-101\" srcset=\"https:\/\/zsuzsanna-kh.internetworking.hu\/wp-content\/uploads\/t1-1024x683.jpg 1024w, https:\/\/zsuzsanna-kh.internetworking.hu\/wp-content\/uploads\/t1-600x400.jpg 600w, https:\/\/zsuzsanna-kh.internetworking.hu\/wp-content\/uploads\/t1-300x200.jpg 300w, https:\/\/zsuzsanna-kh.internetworking.hu\/wp-content\/uploads\/t1-768x512.jpg 768w, https:\/\/zsuzsanna-kh.internetworking.hu\/wp-content\/uploads\/t1.jpg 1500w\" sizes=\"auto, (max-width: 1024px) 100vw, 1024px\" \/><\/figure>\n\n<figure class=\"wp-block-image size-large\"><img loading=\"lazy\" decoding=\"async\" width=\"1024\" height=\"683\" src=\"https:\/\/zsuzsanna-kh.internetworking.hu\/wp-content\/uploads\/t2-1024x683.jpg\" alt=\"\" class=\"wp-image-100\" srcset=\"https:\/\/zsuzsanna-kh.internetworking.hu\/wp-content\/uploads\/t2-1024x683.jpg 1024w, https:\/\/zsuzsanna-kh.internetworking.hu\/wp-content\/uploads\/t2-600x400.jpg 600w, https:\/\/zsuzsanna-kh.internetworking.hu\/wp-content\/uploads\/t2-300x200.jpg 300w, https:\/\/zsuzsanna-kh.internetworking.hu\/wp-content\/uploads\/t2-768x512.jpg 768w, https:\/\/zsuzsanna-kh.internetworking.hu\/wp-content\/uploads\/t2.jpg 1500w\" sizes=\"auto, (max-width: 1024px) 100vw, 1024px\" \/><\/figure>\n\n<figure class=\"wp-block-image size-large\"><img loading=\"lazy\" decoding=\"async\" width=\"683\" height=\"1024\" src=\"https:\/\/zsuzsanna-kh.internetworking.hu\/wp-content\/uploads\/tamas-683x1024.jpg\" alt=\"\" class=\"wp-image-90\" srcset=\"https:\/\/zsuzsanna-kh.internetworking.hu\/wp-content\/uploads\/tamas-683x1024.jpg 683w, https:\/\/zsuzsanna-kh.internetworking.hu\/wp-content\/uploads\/tamas-600x900.jpg 600w, https:\/\/zsuzsanna-kh.internetworking.hu\/wp-content\/uploads\/tamas-200x300.jpg 200w, https:\/\/zsuzsanna-kh.internetworking.hu\/wp-content\/uploads\/tamas-768x1152.jpg 768w, https:\/\/zsuzsanna-kh.internetworking.hu\/wp-content\/uploads\/tamas-267x400.jpg 267w, https:\/\/zsuzsanna-kh.internetworking.hu\/wp-content\/uploads\/tamas.jpg 1000w\" sizes=\"auto, (max-width: 683px) 100vw, 683px\" \/><\/figure><\/figure><\/div>\n\n<div class=\"wp-block-column is-layout-flow wp-block-column-is-layout-flow\"><h2 class=\"wp-block-heading\">Kik vagyunk?<\/h2>\n\n<p>A Fl\u00f3raKert egy szenved\u00e9lyesen elk\u00f6telezett csapat, amely kert\u00e9p\u00edt\u00e9ssel, parkrendez\u00e9ssel \u00e9s term\u00e9szetk\u00f6zeli kertek l\u00e9trehoz\u00e1s\u00e1val foglalkozik. Alap\u00edt\u00f3ink, Kocsis Tam\u00e1s \u00e9s Bal\u00e1zs testv\u00e9rp\u00e1r, gyermekkorukt\u00f3l kezdve a term\u00e9szet ir\u00e1nti szeretettel \u00e9s a kert\u00e9szked\u00e9s var\u00e1zs\u00e1val n\u0151ttek fel.<\/p>\n\n<p>Ma m\u00e1r <strong>egy 8 f\u0151s szak\u00e9rt\u0151kb\u0151l \u00e1ll\u00f3 csapat vagyunk<\/strong>, akik mindannyian azzal a c\u00e9llal dolgozunk, hogy megteremts\u00fck az \u00d6n \u00e1lmai kertj\u00e9t.<\/p>\n\n<h3 class=\"wp-block-heading\"><strong>Mi\u00e9rt minket v\u00e1lasszon?<\/strong><\/h3>\n\n<p><strong>Tapasztalt csapat:<\/strong>&nbsp;Az \u00e9vek sor\u00e1n sz\u00e1mos kertet \u00e9s parkot hoztunk l\u00e9tre, \u00e9s sz\u00e1mos el\u00e9gedett \u00fcgyfel\u00fcnk van, akik szolg\u00e1ltat\u00e1saink min\u0151s\u00e9g\u00e9t dics\u00e9rik.<\/p>\n\n<p><strong>Fenntarthat\u00f3s\u00e1g:<\/strong>&nbsp;Minden projekt sor\u00e1n fenntarthat\u00f3 kerttervez\u00e9si elveket alkalmazunk, hogy seg\u00edts\u00fck a biodiverzit\u00e1st \u00e9s a term\u00e9szeti k\u00f6rnyezet meg\u0151rz\u00e9s\u00e9t.<\/p>\n\n<p><strong>Egyedi tervez\u00e9s:<\/strong>&nbsp;Minden kert egyedi, \u00e9s mi odafigyel\u00fcnk az \u00d6n egyedi ig\u00e9nyeire \u00e9s st\u00edlus\u00e1ra.<\/p>\n\n<div class=\"wp-block-buttons is-layout-flex wp-block-buttons-is-layout-flex\"><div class=\"wp-block-button\"><a class=\"wp-block-button__link wp-element-button\" href=\"https:\/\/zsuzsanna-kh.internetworking.hu\/?page_id=12\">B\u0151vebben r\u00f3lunk<\/a><\/div><\/div><\/div><\/div><p><\/p>","protected":false},"excerpt":{"rendered":"<p>Z\u00f6ld\u00fclj\u00f6n vel\u00fcnk! Kreat\u00edv kerttervez\u00e9s egy fenntarthat\u00f3bb j\u00f6v\u0151\u00e9rt! A v\u00e1llalkoz\u00e1sunk kert\u00e9p\u00edt\u00e9ssel, parkrendez\u00e9ssel, kerti t\u00f3 \u00e9s sziklakert \u00e9p\u00edt\u00e9ssel foglalkozik. C\u00e9lunk olyan&nbsp;gy\u00f6ny\u00f6r\u0171 \u00e9s &#8230;<\/p>\n","protected":false},"author":1,"featured_media":0,"parent":0,"menu_order":6,"comment_status":"closed","ping_status":"closed","template":"","meta":{"footnotes":""},"class_list":["post-9","page","type-page","status-publish","hentry"],"_links":{"self":[{"href":"https:\/\/zsuzsanna-kh.internetworking.hu\/index.php?rest_route=\/wp\/v2\/pages\/9","targetHints":{"allow":["GET"]}}],"collection":[{"href":"https:\/\/zsuzsanna-kh.internetworking.hu\/index.php?rest_route=\/wp\/v2\/pages"}],"about":[{"href":"https:\/\/zsuzsanna-kh.internetworking.hu\/index.php?rest_route=\/wp\/v2\/types\/page"}],"author":[{"embeddable":true,"href":"https:\/\/zsuzsanna-kh.internetworking.hu\/index.php?rest_route=\/wp\/v2\/users\/1"}],"replies":[{"embeddable":true,"href":"https:\/\/zsuzsanna-kh.internetworking.hu\/index.php?rest_route=%2Fwp%2Fv2%2Fcomments&post=9"}],"version-history":[{"count":43,"href":"https:\/\/zsuzsanna-kh.internetworking.hu\/index.php?rest_route=\/wp\/v2\/pages\/9\/revisions"}],"predecessor-version":[{"id":261,"href":"https:\/\/zsuzsanna-kh.internetworking.hu\/index.php?rest_route=\/wp\/v2\/pages\/9\/revisions\/261"}],"wp:attachment":[{"href":"https:\/\/zsuzsanna-kh.internetworking.hu\/index.php?rest_route=%2Fwp%2Fv2%2Fmedia&parent=9"}],"curies":[{"name":"wp","href":"https:\/\/api.w.org\/{rel}","templated":true}]}}