{"id":654,"date":"2025-02-26T16:46:19","date_gmt":"2025-02-26T15:46:19","guid":{"rendered":"https:\/\/zsuzsanna-kh.internetworking.hu\/?product=kerti-kesztyu-sarga"},"modified":"2025-03-03T14:27:34","modified_gmt":"2025-03-03T13:27:34","slug":"kerti-kesztyu-sarga","status":"publish","type":"product","link":"https:\/\/zsuzsanna-kh.internetworking.hu\/?product=kerti-kesztyu-sarga","title":{"rendered":"Kerti keszty\u0171 s\u00e1rga"},"content":{"rendered":"<p>V\u00edz\u00e1ll\u00f3, tart\u00f3s anyagb\u00f3l k\u00e9sz\u00fclt kerti keszty\u0171<\/p>\n","protected":false},"excerpt":{"rendered":"<p>V\u00edz\u00e1ll\u00f3, tart\u00f3s anyagb\u00f3l k\u00e9sz\u00fclt kerti keszty\u0171<\/p>\n","protected":false},"featured_media":653,"template":"","meta":[],"product_brand":[],"product_cat":[43],"product_tag":[61],"class_list":{"0":"post-654","1":"product","2":"type-product","3":"status-publish","4":"has-post-thumbnail","6":"product_cat-munkavedelem","7":"product_tag-uj","9":"first","10":"instock","11":"taxable","12":"shipping-taxable","13":"purchasable","14":"product-type-simple"},"_links":{"self":[{"href":"https:\/\/zsuzsanna-kh.internetworking.hu\/index.php?rest_route=\/wp\/v2\/product\/654","targetHints":{"allow":["GET"]}}],"collection":[{"href":"https:\/\/zsuzsanna-kh.internetworking.hu\/index.php?rest_route=\/wp\/v2\/product"}],"about":[{"href":"https:\/\/zsuzsanna-kh.internetworking.hu\/index.php?rest_route=\/wp\/v2\/types\/product"}],"wp:featuredmedia":[{"embeddable":true,"href":"https:\/\/zsuzsanna-kh.internetworking.hu\/index.php?rest_route=\/wp\/v2\/media\/653"}],"wp:attachment":[{"href":"https:\/\/zsuzsanna-kh.internetworking.hu\/index.php?rest_route=%2Fwp%2Fv2%2Fmedia&parent=654"}],"wp:term":[{"taxonomy":"product_brand","embeddable":true,"href":"https:\/\/zsuzsanna-kh.internetworking.hu\/index.php?rest_route=%2Fwp%2Fv2%2Fproduct_brand&post=654"},{"taxonomy":"product_cat","embeddable":true,"href":"https:\/\/zsuzsanna-kh.internetworking.hu\/index.php?rest_route=%2Fwp%2Fv2%2Fproduct_cat&post=654"},{"taxonomy":"product_tag","embeddable":true,"href":"https:\/\/zsuzsanna-kh.internetworking.hu\/index.php?rest_route=%2Fwp%2Fv2%2Fproduct_tag&post=654"}],"curies":[{"name":"wp","href":"https:\/\/api.w.org\/{rel}","templated":true}]}}