{"id":656,"date":"2025-02-26T16:46:20","date_gmt":"2025-02-26T15:46:20","guid":{"rendered":"https:\/\/zsuzsanna-kh.internetworking.hu\/?product=szerszamkeszlet"},"modified":"2025-03-03T11:40:17","modified_gmt":"2025-03-03T10:40:17","slug":"szerszamkeszlet","status":"publish","type":"product","link":"https:\/\/zsuzsanna-kh.internetworking.hu\/?product=szerszamkeszlet","title":{"rendered":"Szersz\u00e1mk\u00e9szlet"},"content":{"rendered":"<p>5 literes, k\u00f6nny\u0171 m\u0171anyag \u00f6nt\u00f6z\u0151kan\u00e1l<\/p>\n","protected":false},"excerpt":{"rendered":"<p>5 literes, k\u00f6nny\u0171 m\u0171anyag \u00f6nt\u00f6z\u0151kan\u00e1l<\/p>\n","protected":false},"featured_media":655,"template":"","meta":[],"product_brand":[],"product_cat":[63],"product_tag":[],"class_list":{"0":"post-656","1":"product","2":"type-product","3":"status-publish","4":"has-post-thumbnail","6":"product_cat-kerti-szerszamok-kerti-szerszamok","8":"first","9":"instock","10":"sale","11":"featured","12":"taxable","13":"shipping-taxable","14":"purchasable","15":"product-type-simple"},"_links":{"self":[{"href":"https:\/\/zsuzsanna-kh.internetworking.hu\/index.php?rest_route=\/wp\/v2\/product\/656","targetHints":{"allow":["GET"]}}],"collection":[{"href":"https:\/\/zsuzsanna-kh.internetworking.hu\/index.php?rest_route=\/wp\/v2\/product"}],"about":[{"href":"https:\/\/zsuzsanna-kh.internetworking.hu\/index.php?rest_route=\/wp\/v2\/types\/product"}],"wp:featuredmedia":[{"embeddable":true,"href":"https:\/\/zsuzsanna-kh.internetworking.hu\/index.php?rest_route=\/wp\/v2\/media\/655"}],"wp:attachment":[{"href":"https:\/\/zsuzsanna-kh.internetworking.hu\/index.php?rest_route=%2Fwp%2Fv2%2Fmedia&parent=656"}],"wp:term":[{"taxonomy":"product_brand","embeddable":true,"href":"https:\/\/zsuzsanna-kh.internetworking.hu\/index.php?rest_route=%2Fwp%2Fv2%2Fproduct_brand&post=656"},{"taxonomy":"product_cat","embeddable":true,"href":"https:\/\/zsuzsanna-kh.internetworking.hu\/index.php?rest_route=%2Fwp%2Fv2%2Fproduct_cat&post=656"},{"taxonomy":"product_tag","embeddable":true,"href":"https:\/\/zsuzsanna-kh.internetworking.hu\/index.php?rest_route=%2Fwp%2Fv2%2Fproduct_tag&post=656"}],"curies":[{"name":"wp","href":"https:\/\/api.w.org\/{rel}","templated":true}]}}