{"id":662,"date":"2025-02-26T16:46:23","date_gmt":"2025-02-26T15:46:23","guid":{"rendered":"https:\/\/zsuzsanna-kh.internetworking.hu\/?product=novenyvedo-spray"},"modified":"2025-03-03T09:44:31","modified_gmt":"2025-03-03T08:44:31","slug":"novenyvedo-spray","status":"publish","type":"product","link":"https:\/\/zsuzsanna-kh.internetworking.hu\/?product=novenyvedo-spray","title":{"rendered":"N\u00f6v\u00e9nyv\u00e9d\u0151 spray"},"content":{"rendered":"<p>Term\u00e9szetes alapanyagokb\u00f3l, rovarok \u00e9s k\u00e1rtev\u0151k ellen<\/p>\n","protected":false},"excerpt":{"rendered":"<p>Term\u00e9szetes alapanyagokb\u00f3l, rovarok \u00e9s k\u00e1rtev\u0151k ellen<\/p>\n","protected":false},"featured_media":661,"template":"","meta":[],"product_brand":[],"product_cat":[46],"product_tag":[61],"class_list":{"0":"post-662","1":"product","2":"type-product","3":"status-publish","4":"has-post-thumbnail","6":"product_cat-vegyszerek-adalekok","7":"product_tag-uj","9":"first","10":"instock","11":"taxable","12":"shipping-taxable","13":"purchasable","14":"product-type-simple"},"_links":{"self":[{"href":"https:\/\/zsuzsanna-kh.internetworking.hu\/index.php?rest_route=\/wp\/v2\/product\/662","targetHints":{"allow":["GET"]}}],"collection":[{"href":"https:\/\/zsuzsanna-kh.internetworking.hu\/index.php?rest_route=\/wp\/v2\/product"}],"about":[{"href":"https:\/\/zsuzsanna-kh.internetworking.hu\/index.php?rest_route=\/wp\/v2\/types\/product"}],"wp:featuredmedia":[{"embeddable":true,"href":"https:\/\/zsuzsanna-kh.internetworking.hu\/index.php?rest_route=\/wp\/v2\/media\/661"}],"wp:attachment":[{"href":"https:\/\/zsuzsanna-kh.internetworking.hu\/index.php?rest_route=%2Fwp%2Fv2%2Fmedia&parent=662"}],"wp:term":[{"taxonomy":"product_brand","embeddable":true,"href":"https:\/\/zsuzsanna-kh.internetworking.hu\/index.php?rest_route=%2Fwp%2Fv2%2Fproduct_brand&post=662"},{"taxonomy":"product_cat","embeddable":true,"href":"https:\/\/zsuzsanna-kh.internetworking.hu\/index.php?rest_route=%2Fwp%2Fv2%2Fproduct_cat&post=662"},{"taxonomy":"product_tag","embeddable":true,"href":"https:\/\/zsuzsanna-kh.internetworking.hu\/index.php?rest_route=%2Fwp%2Fv2%2Fproduct_tag&post=662"}],"curies":[{"name":"wp","href":"https:\/\/api.w.org\/{rel}","templated":true}]}}