{"id":672,"date":"2025-02-26T16:46:28","date_gmt":"2025-02-26T15:46:28","guid":{"rendered":"https:\/\/zsuzsanna-kh.internetworking.hu\/?product=kerti-lampa"},"modified":"2025-03-03T09:48:48","modified_gmt":"2025-03-03T08:48:48","slug":"kerti-lampa","status":"publish","type":"product","link":"https:\/\/zsuzsanna-kh.internetworking.hu\/?product=kerti-lampa","title":{"rendered":"Kerti l\u00e1mpa"},"content":{"rendered":"<p>Napenergi\u00e1val m\u0171k\u00f6d\u0151, LED-es kerti l\u00e1mpa<\/p>\n","protected":false},"excerpt":{"rendered":"<p>Napenergi\u00e1val m\u0171k\u00f6d\u0151, LED-es kerti l\u00e1mpa<\/p>\n","protected":false},"featured_media":671,"template":"","meta":[],"product_brand":[],"product_cat":[48],"product_tag":[],"class_list":{"0":"post-672","1":"product","2":"type-product","3":"status-publish","4":"has-post-thumbnail","6":"product_cat-dekoracio","8":"first","9":"instock","10":"featured","11":"taxable","12":"shipping-taxable","13":"purchasable","14":"product-type-simple"},"_links":{"self":[{"href":"https:\/\/zsuzsanna-kh.internetworking.hu\/index.php?rest_route=\/wp\/v2\/product\/672","targetHints":{"allow":["GET"]}}],"collection":[{"href":"https:\/\/zsuzsanna-kh.internetworking.hu\/index.php?rest_route=\/wp\/v2\/product"}],"about":[{"href":"https:\/\/zsuzsanna-kh.internetworking.hu\/index.php?rest_route=\/wp\/v2\/types\/product"}],"wp:featuredmedia":[{"embeddable":true,"href":"https:\/\/zsuzsanna-kh.internetworking.hu\/index.php?rest_route=\/wp\/v2\/media\/671"}],"wp:attachment":[{"href":"https:\/\/zsuzsanna-kh.internetworking.hu\/index.php?rest_route=%2Fwp%2Fv2%2Fmedia&parent=672"}],"wp:term":[{"taxonomy":"product_brand","embeddable":true,"href":"https:\/\/zsuzsanna-kh.internetworking.hu\/index.php?rest_route=%2Fwp%2Fv2%2Fproduct_brand&post=672"},{"taxonomy":"product_cat","embeddable":true,"href":"https:\/\/zsuzsanna-kh.internetworking.hu\/index.php?rest_route=%2Fwp%2Fv2%2Fproduct_cat&post=672"},{"taxonomy":"product_tag","embeddable":true,"href":"https:\/\/zsuzsanna-kh.internetworking.hu\/index.php?rest_route=%2Fwp%2Fv2%2Fproduct_tag&post=672"}],"curies":[{"name":"wp","href":"https:\/\/api.w.org\/{rel}","templated":true}]}}