{"id":674,"date":"2025-02-26T16:46:28","date_gmt":"2025-02-26T15:46:28","guid":{"rendered":"https:\/\/zsuzsanna-kh.internetworking.hu\/?product=szerszamoslada"},"modified":"2025-03-03T09:46:33","modified_gmt":"2025-03-03T08:46:33","slug":"szerszamoslada","status":"publish","type":"product","link":"https:\/\/zsuzsanna-kh.internetworking.hu\/?product=szerszamoslada","title":{"rendered":"Szersz\u00e1mosl\u00e1da"},"content":{"rendered":"<p>F\u00e9m szersz\u00e1mosl\u00e1da, kerti eszk\u00f6z\u00f6k t\u00e1rol\u00e1s\u00e1ra<\/p>\n","protected":false},"excerpt":{"rendered":"<p>F\u00e9m szersz\u00e1mosl\u00e1da, kerti eszk\u00f6z\u00f6k t\u00e1rol\u00e1s\u00e1ra<\/p>\n","protected":false},"featured_media":673,"template":"","meta":[],"product_brand":[],"product_cat":[44],"product_tag":[],"class_list":{"0":"post-674","1":"product","2":"type-product","3":"status-publish","4":"has-post-thumbnail","6":"product_cat-tartozekok","8":"first","9":"instock","10":"taxable","11":"shipping-taxable","12":"purchasable","13":"product-type-simple"},"_links":{"self":[{"href":"https:\/\/zsuzsanna-kh.internetworking.hu\/index.php?rest_route=\/wp\/v2\/product\/674","targetHints":{"allow":["GET"]}}],"collection":[{"href":"https:\/\/zsuzsanna-kh.internetworking.hu\/index.php?rest_route=\/wp\/v2\/product"}],"about":[{"href":"https:\/\/zsuzsanna-kh.internetworking.hu\/index.php?rest_route=\/wp\/v2\/types\/product"}],"wp:featuredmedia":[{"embeddable":true,"href":"https:\/\/zsuzsanna-kh.internetworking.hu\/index.php?rest_route=\/wp\/v2\/media\/673"}],"wp:attachment":[{"href":"https:\/\/zsuzsanna-kh.internetworking.hu\/index.php?rest_route=%2Fwp%2Fv2%2Fmedia&parent=674"}],"wp:term":[{"taxonomy":"product_brand","embeddable":true,"href":"https:\/\/zsuzsanna-kh.internetworking.hu\/index.php?rest_route=%2Fwp%2Fv2%2Fproduct_brand&post=674"},{"taxonomy":"product_cat","embeddable":true,"href":"https:\/\/zsuzsanna-kh.internetworking.hu\/index.php?rest_route=%2Fwp%2Fv2%2Fproduct_cat&post=674"},{"taxonomy":"product_tag","embeddable":true,"href":"https:\/\/zsuzsanna-kh.internetworking.hu\/index.php?rest_route=%2Fwp%2Fv2%2Fproduct_tag&post=674"}],"curies":[{"name":"wp","href":"https:\/\/api.w.org\/{rel}","templated":true}]}}