{"id":676,"date":"2025-02-26T16:46:30","date_gmt":"2025-02-26T15:46:30","guid":{"rendered":"https:\/\/zsuzsanna-kh.internetworking.hu\/?product=viragtarto-allvany-csereppel"},"modified":"2025-03-03T12:59:46","modified_gmt":"2025-03-03T11:59:46","slug":"viragtarto-allvany-csereppel","status":"publish","type":"product","link":"https:\/\/zsuzsanna-kh.internetworking.hu\/?product=viragtarto-allvany-csereppel","title":{"rendered":"Vir\u00e1gtart\u00f3 \u00e1llv\u00e1ny cser\u00e9ppel"},"content":{"rendered":"<p>F\u00e9m vir\u00e1gtart\u00f3 \u00e1llv\u00e1ny, vir\u00e1gratr\u00f3 cser\u00e9ppel<\/p>\n","protected":false},"excerpt":{"rendered":"<p>F\u00e9m vir\u00e1gtart\u00f3 \u00e1llv\u00e1ny, vir\u00e1gratr\u00f3 cser\u00e9ppel<\/p>\n","protected":false},"featured_media":675,"template":"","meta":[],"product_brand":[],"product_cat":[48],"product_tag":[60,61],"class_list":{"0":"post-676","1":"product","2":"type-product","3":"status-publish","4":"has-post-thumbnail","6":"product_cat-dekoracio","7":"product_tag-csak-uzletben","8":"product_tag-uj","10":"first","11":"outofstock","12":"featured","13":"taxable","14":"shipping-taxable","15":"purchasable","16":"product-type-simple"},"_links":{"self":[{"href":"https:\/\/zsuzsanna-kh.internetworking.hu\/index.php?rest_route=\/wp\/v2\/product\/676","targetHints":{"allow":["GET"]}}],"collection":[{"href":"https:\/\/zsuzsanna-kh.internetworking.hu\/index.php?rest_route=\/wp\/v2\/product"}],"about":[{"href":"https:\/\/zsuzsanna-kh.internetworking.hu\/index.php?rest_route=\/wp\/v2\/types\/product"}],"wp:featuredmedia":[{"embeddable":true,"href":"https:\/\/zsuzsanna-kh.internetworking.hu\/index.php?rest_route=\/wp\/v2\/media\/675"}],"wp:attachment":[{"href":"https:\/\/zsuzsanna-kh.internetworking.hu\/index.php?rest_route=%2Fwp%2Fv2%2Fmedia&parent=676"}],"wp:term":[{"taxonomy":"product_brand","embeddable":true,"href":"https:\/\/zsuzsanna-kh.internetworking.hu\/index.php?rest_route=%2Fwp%2Fv2%2Fproduct_brand&post=676"},{"taxonomy":"product_cat","embeddable":true,"href":"https:\/\/zsuzsanna-kh.internetworking.hu\/index.php?rest_route=%2Fwp%2Fv2%2Fproduct_cat&post=676"},{"taxonomy":"product_tag","embeddable":true,"href":"https:\/\/zsuzsanna-kh.internetworking.hu\/index.php?rest_route=%2Fwp%2Fv2%2Fproduct_tag&post=676"}],"curies":[{"name":"wp","href":"https:\/\/api.w.org\/{rel}","templated":true}]}}