{"id":680,"date":"2025-02-26T16:46:31","date_gmt":"2025-02-26T15:46:31","guid":{"rendered":"https:\/\/zsuzsanna-kh.internetworking.hu\/?product=gallyazo-fejsze"},"modified":"2025-03-30T16:55:10","modified_gmt":"2025-03-30T14:55:10","slug":"gallyazo-fejsze","status":"publish","type":"product","link":"https:\/\/zsuzsanna-kh.internetworking.hu\/?product=gallyazo-fejsze","title":{"rendered":"Gallyaz\u00f3 fejsze"},"content":{"rendered":"<p>Gyerekeknek sz\u00e1nt, m\u0171anyag kerti lap\u00e1t<\/p>\n","protected":false},"excerpt":{"rendered":"<p>Gyerekeknek sz\u00e1nt, m\u0171anyag kerti lap\u00e1t<\/p>\n","protected":false},"featured_media":679,"template":"","meta":[],"product_brand":[],"product_cat":[63],"product_tag":[],"class_list":{"0":"post-680","1":"product","2":"type-product","3":"status-publish","4":"has-post-thumbnail","6":"product_cat-kerti-szerszamok-kerti-szerszamok","8":"first","9":"instock","10":"featured","11":"taxable","12":"shipping-taxable","13":"purchasable","14":"product-type-simple"},"_links":{"self":[{"href":"https:\/\/zsuzsanna-kh.internetworking.hu\/index.php?rest_route=\/wp\/v2\/product\/680","targetHints":{"allow":["GET"]}}],"collection":[{"href":"https:\/\/zsuzsanna-kh.internetworking.hu\/index.php?rest_route=\/wp\/v2\/product"}],"about":[{"href":"https:\/\/zsuzsanna-kh.internetworking.hu\/index.php?rest_route=\/wp\/v2\/types\/product"}],"wp:featuredmedia":[{"embeddable":true,"href":"https:\/\/zsuzsanna-kh.internetworking.hu\/index.php?rest_route=\/wp\/v2\/media\/679"}],"wp:attachment":[{"href":"https:\/\/zsuzsanna-kh.internetworking.hu\/index.php?rest_route=%2Fwp%2Fv2%2Fmedia&parent=680"}],"wp:term":[{"taxonomy":"product_brand","embeddable":true,"href":"https:\/\/zsuzsanna-kh.internetworking.hu\/index.php?rest_route=%2Fwp%2Fv2%2Fproduct_brand&post=680"},{"taxonomy":"product_cat","embeddable":true,"href":"https:\/\/zsuzsanna-kh.internetworking.hu\/index.php?rest_route=%2Fwp%2Fv2%2Fproduct_cat&post=680"},{"taxonomy":"product_tag","embeddable":true,"href":"https:\/\/zsuzsanna-kh.internetworking.hu\/index.php?rest_route=%2Fwp%2Fv2%2Fproduct_tag&post=680"}],"curies":[{"name":"wp","href":"https:\/\/api.w.org\/{rel}","templated":true}]}}