{"id":694,"date":"2025-02-26T16:46:39","date_gmt":"2025-02-26T15:46:39","guid":{"rendered":"https:\/\/zsuzsanna-kh.internetworking.hu\/?product=fumag"},"modified":"2025-03-03T09:52:10","modified_gmt":"2025-03-03T08:52:10","slug":"fumag","status":"publish","type":"product","link":"https:\/\/zsuzsanna-kh.internetworking.hu\/?product=fumag","title":{"rendered":"F\u0171mag"},"content":{"rendered":"<p>Gyorsan cs\u00edr\u00e1z\u00f3, s\u0171r\u0171 p\u00e1zsitot ad\u00f3 f\u0171mag<\/p>\n","protected":false},"excerpt":{"rendered":"<p>Gyorsan cs\u00edr\u00e1z\u00f3, s\u0171r\u0171 p\u00e1zsitot ad\u00f3 f\u0171mag<\/p>\n","protected":false},"featured_media":693,"template":"","meta":[],"product_brand":[],"product_cat":[42],"product_tag":[60],"class_list":{"0":"post-694","1":"product","2":"type-product","3":"status-publish","4":"has-post-thumbnail","6":"product_cat-tapanyagok","7":"product_tag-csak-uzletben","9":"first","10":"instock","11":"sale","12":"taxable","13":"shipping-taxable","14":"purchasable","15":"product-type-simple"},"_links":{"self":[{"href":"https:\/\/zsuzsanna-kh.internetworking.hu\/index.php?rest_route=\/wp\/v2\/product\/694","targetHints":{"allow":["GET"]}}],"collection":[{"href":"https:\/\/zsuzsanna-kh.internetworking.hu\/index.php?rest_route=\/wp\/v2\/product"}],"about":[{"href":"https:\/\/zsuzsanna-kh.internetworking.hu\/index.php?rest_route=\/wp\/v2\/types\/product"}],"wp:featuredmedia":[{"embeddable":true,"href":"https:\/\/zsuzsanna-kh.internetworking.hu\/index.php?rest_route=\/wp\/v2\/media\/693"}],"wp:attachment":[{"href":"https:\/\/zsuzsanna-kh.internetworking.hu\/index.php?rest_route=%2Fwp%2Fv2%2Fmedia&parent=694"}],"wp:term":[{"taxonomy":"product_brand","embeddable":true,"href":"https:\/\/zsuzsanna-kh.internetworking.hu\/index.php?rest_route=%2Fwp%2Fv2%2Fproduct_brand&post=694"},{"taxonomy":"product_cat","embeddable":true,"href":"https:\/\/zsuzsanna-kh.internetworking.hu\/index.php?rest_route=%2Fwp%2Fv2%2Fproduct_cat&post=694"},{"taxonomy":"product_tag","embeddable":true,"href":"https:\/\/zsuzsanna-kh.internetworking.hu\/index.php?rest_route=%2Fwp%2Fv2%2Fproduct_tag&post=694"}],"curies":[{"name":"wp","href":"https:\/\/api.w.org\/{rel}","templated":true}]}}