{"id":696,"date":"2025-02-26T16:46:40","date_gmt":"2025-02-26T15:46:40","guid":{"rendered":"https:\/\/zsuzsanna-kh.internetworking.hu\/?product=noveny-tamogato-racs"},"modified":"2025-03-03T09:47:10","modified_gmt":"2025-03-03T08:47:10","slug":"noveny-tamogato-racs","status":"publish","type":"product","link":"https:\/\/zsuzsanna-kh.internetworking.hu\/?product=noveny-tamogato-racs","title":{"rendered":"N\u00f6v\u00e9ny t\u00e1mogat\u00f3 r\u00e1cs"},"content":{"rendered":"<p>1 m\u00e9ter hossz\u00fa, m\u0171anyag t\u00e1mogat\u00f3 r\u00fad n\u00f6v\u00e9nyekhez<\/p>\n","protected":false},"excerpt":{"rendered":"<p>1 m\u00e9ter hossz\u00fa, m\u0171anyag t\u00e1mogat\u00f3 r\u00fad n\u00f6v\u00e9nyekhez<\/p>\n","protected":false},"featured_media":695,"template":"","meta":[],"product_brand":[],"product_cat":[44],"product_tag":[],"class_list":{"0":"post-696","1":"product","2":"type-product","3":"status-publish","4":"has-post-thumbnail","6":"product_cat-tartozekok","8":"first","9":"instock","10":"taxable","11":"shipping-taxable","12":"purchasable","13":"product-type-simple"},"_links":{"self":[{"href":"https:\/\/zsuzsanna-kh.internetworking.hu\/index.php?rest_route=\/wp\/v2\/product\/696","targetHints":{"allow":["GET"]}}],"collection":[{"href":"https:\/\/zsuzsanna-kh.internetworking.hu\/index.php?rest_route=\/wp\/v2\/product"}],"about":[{"href":"https:\/\/zsuzsanna-kh.internetworking.hu\/index.php?rest_route=\/wp\/v2\/types\/product"}],"wp:featuredmedia":[{"embeddable":true,"href":"https:\/\/zsuzsanna-kh.internetworking.hu\/index.php?rest_route=\/wp\/v2\/media\/695"}],"wp:attachment":[{"href":"https:\/\/zsuzsanna-kh.internetworking.hu\/index.php?rest_route=%2Fwp%2Fv2%2Fmedia&parent=696"}],"wp:term":[{"taxonomy":"product_brand","embeddable":true,"href":"https:\/\/zsuzsanna-kh.internetworking.hu\/index.php?rest_route=%2Fwp%2Fv2%2Fproduct_brand&post=696"},{"taxonomy":"product_cat","embeddable":true,"href":"https:\/\/zsuzsanna-kh.internetworking.hu\/index.php?rest_route=%2Fwp%2Fv2%2Fproduct_cat&post=696"},{"taxonomy":"product_tag","embeddable":true,"href":"https:\/\/zsuzsanna-kh.internetworking.hu\/index.php?rest_route=%2Fwp%2Fv2%2Fproduct_tag&post=696"}],"curies":[{"name":"wp","href":"https:\/\/api.w.org\/{rel}","templated":true}]}}