{"id":698,"date":"2025-02-26T16:46:41","date_gmt":"2025-02-26T15:46:41","guid":{"rendered":"https:\/\/zsuzsanna-kh.internetworking.hu\/?product=mikrobiologiai-keszitmeny"},"modified":"2025-03-03T11:42:23","modified_gmt":"2025-03-03T10:42:23","slug":"mikrobiologiai-keszitmeny","status":"publish","type":"product","link":"https:\/\/zsuzsanna-kh.internetworking.hu\/?product=mikrobiologiai-keszitmeny","title":{"rendered":"Mikrobiol\u00f3giai k\u00e9sz\u00edtm\u00e9ny"},"content":{"rendered":"<p>T\u00e1panyagban gazdag, term\u00e9szetes humusz<\/p>\n","protected":false},"excerpt":{"rendered":"<p>T\u00e1panyagban gazdag, term\u00e9szetes humusz<\/p>\n","protected":false},"featured_media":697,"template":"","meta":[],"product_brand":[],"product_cat":[62],"product_tag":[61],"class_list":{"0":"post-698","1":"product","2":"type-product","3":"status-publish","4":"has-post-thumbnail","6":"product_cat-talaj-talaj","7":"product_tag-uj","9":"first","10":"instock","11":"featured","12":"taxable","13":"shipping-taxable","14":"purchasable","15":"product-type-simple"},"_links":{"self":[{"href":"https:\/\/zsuzsanna-kh.internetworking.hu\/index.php?rest_route=\/wp\/v2\/product\/698","targetHints":{"allow":["GET"]}}],"collection":[{"href":"https:\/\/zsuzsanna-kh.internetworking.hu\/index.php?rest_route=\/wp\/v2\/product"}],"about":[{"href":"https:\/\/zsuzsanna-kh.internetworking.hu\/index.php?rest_route=\/wp\/v2\/types\/product"}],"wp:featuredmedia":[{"embeddable":true,"href":"https:\/\/zsuzsanna-kh.internetworking.hu\/index.php?rest_route=\/wp\/v2\/media\/697"}],"wp:attachment":[{"href":"https:\/\/zsuzsanna-kh.internetworking.hu\/index.php?rest_route=%2Fwp%2Fv2%2Fmedia&parent=698"}],"wp:term":[{"taxonomy":"product_brand","embeddable":true,"href":"https:\/\/zsuzsanna-kh.internetworking.hu\/index.php?rest_route=%2Fwp%2Fv2%2Fproduct_brand&post=698"},{"taxonomy":"product_cat","embeddable":true,"href":"https:\/\/zsuzsanna-kh.internetworking.hu\/index.php?rest_route=%2Fwp%2Fv2%2Fproduct_cat&post=698"},{"taxonomy":"product_tag","embeddable":true,"href":"https:\/\/zsuzsanna-kh.internetworking.hu\/index.php?rest_route=%2Fwp%2Fv2%2Fproduct_tag&post=698"}],"curies":[{"name":"wp","href":"https:\/\/api.w.org\/{rel}","templated":true}]}}