{"id":704,"date":"2025-02-26T16:46:44","date_gmt":"2025-02-26T15:46:44","guid":{"rendered":"https:\/\/zsuzsanna-kh.internetworking.hu\/?product=gyumolcsfa-metszo"},"modified":"2025-03-03T11:39:21","modified_gmt":"2025-03-03T10:39:21","slug":"gyumolcsfa-metszo","status":"publish","type":"product","link":"https:\/\/zsuzsanna-kh.internetworking.hu\/?product=gyumolcsfa-metszo","title":{"rendered":"Gy\u00fcm\u00f6lcsfa metsz\u0151"},"content":{"rendered":"<p>Speci\u00e1lis metsz\u0151oll\u00f3 gy\u00fcm\u00f6lcsf\u00e1khoz,<\/p>\n","protected":false},"excerpt":{"rendered":"<p>Speci\u00e1lis metsz\u0151oll\u00f3 gy\u00fcm\u00f6lcsf\u00e1khoz,<\/p>\n","protected":false},"featured_media":703,"template":"","meta":[],"product_brand":[],"product_cat":[63],"product_tag":[],"class_list":{"0":"post-704","1":"product","2":"type-product","3":"status-publish","4":"has-post-thumbnail","6":"product_cat-kerti-szerszamok-kerti-szerszamok","8":"first","9":"instock","10":"taxable","11":"shipping-taxable","12":"purchasable","13":"product-type-simple"},"_links":{"self":[{"href":"https:\/\/zsuzsanna-kh.internetworking.hu\/index.php?rest_route=\/wp\/v2\/product\/704","targetHints":{"allow":["GET"]}}],"collection":[{"href":"https:\/\/zsuzsanna-kh.internetworking.hu\/index.php?rest_route=\/wp\/v2\/product"}],"about":[{"href":"https:\/\/zsuzsanna-kh.internetworking.hu\/index.php?rest_route=\/wp\/v2\/types\/product"}],"wp:featuredmedia":[{"embeddable":true,"href":"https:\/\/zsuzsanna-kh.internetworking.hu\/index.php?rest_route=\/wp\/v2\/media\/703"}],"wp:attachment":[{"href":"https:\/\/zsuzsanna-kh.internetworking.hu\/index.php?rest_route=%2Fwp%2Fv2%2Fmedia&parent=704"}],"wp:term":[{"taxonomy":"product_brand","embeddable":true,"href":"https:\/\/zsuzsanna-kh.internetworking.hu\/index.php?rest_route=%2Fwp%2Fv2%2Fproduct_brand&post=704"},{"taxonomy":"product_cat","embeddable":true,"href":"https:\/\/zsuzsanna-kh.internetworking.hu\/index.php?rest_route=%2Fwp%2Fv2%2Fproduct_cat&post=704"},{"taxonomy":"product_tag","embeddable":true,"href":"https:\/\/zsuzsanna-kh.internetworking.hu\/index.php?rest_route=%2Fwp%2Fv2%2Fproduct_tag&post=704"}],"curies":[{"name":"wp","href":"https:\/\/api.w.org\/{rel}","templated":true}]}}