{"id":706,"date":"2025-02-26T16:46:48","date_gmt":"2025-02-26T15:46:48","guid":{"rendered":"https:\/\/zsuzsanna-kh.internetworking.hu\/?product=orokzold-cserje"},"modified":"2025-03-03T09:52:10","modified_gmt":"2025-03-03T08:52:10","slug":"orokzold-cserje","status":"publish","type":"product","link":"https:\/\/zsuzsanna-kh.internetworking.hu\/?product=orokzold-cserje","title":{"rendered":"\u00d6r\u00f6kz\u00f6ld cserje"},"content":{"rendered":"<p>K\u00f6zepes m\u00e9ret\u0171, \u00f6r\u00f6kz\u00f6ld cserje<\/p>\n","protected":false},"excerpt":{"rendered":"<p>K\u00f6zepes m\u00e9ret\u0171, \u00f6r\u00f6kz\u00f6ld cserje<\/p>\n","protected":false},"featured_media":705,"template":"","meta":[],"product_brand":[],"product_cat":[47],"product_tag":[],"class_list":{"0":"post-706","1":"product","2":"type-product","3":"status-publish","4":"has-post-thumbnail","6":"product_cat-novenyek","8":"first","9":"instock","10":"sale","11":"featured","12":"taxable","13":"shipping-taxable","14":"purchasable","15":"product-type-simple"},"_links":{"self":[{"href":"https:\/\/zsuzsanna-kh.internetworking.hu\/index.php?rest_route=\/wp\/v2\/product\/706","targetHints":{"allow":["GET"]}}],"collection":[{"href":"https:\/\/zsuzsanna-kh.internetworking.hu\/index.php?rest_route=\/wp\/v2\/product"}],"about":[{"href":"https:\/\/zsuzsanna-kh.internetworking.hu\/index.php?rest_route=\/wp\/v2\/types\/product"}],"wp:featuredmedia":[{"embeddable":true,"href":"https:\/\/zsuzsanna-kh.internetworking.hu\/index.php?rest_route=\/wp\/v2\/media\/705"}],"wp:attachment":[{"href":"https:\/\/zsuzsanna-kh.internetworking.hu\/index.php?rest_route=%2Fwp%2Fv2%2Fmedia&parent=706"}],"wp:term":[{"taxonomy":"product_brand","embeddable":true,"href":"https:\/\/zsuzsanna-kh.internetworking.hu\/index.php?rest_route=%2Fwp%2Fv2%2Fproduct_brand&post=706"},{"taxonomy":"product_cat","embeddable":true,"href":"https:\/\/zsuzsanna-kh.internetworking.hu\/index.php?rest_route=%2Fwp%2Fv2%2Fproduct_cat&post=706"},{"taxonomy":"product_tag","embeddable":true,"href":"https:\/\/zsuzsanna-kh.internetworking.hu\/index.php?rest_route=%2Fwp%2Fv2%2Fproduct_tag&post=706"}],"curies":[{"name":"wp","href":"https:\/\/api.w.org\/{rel}","templated":true}]}}