{"id":708,"date":"2025-02-26T16:46:49","date_gmt":"2025-02-26T15:46:49","guid":{"rendered":"https:\/\/zsuzsanna-kh.internetworking.hu\/?product=kerti-to-epito-keszlet"},"modified":"2025-03-03T09:43:48","modified_gmt":"2025-03-03T08:43:48","slug":"kerti-to-epito-keszlet","status":"publish","type":"product","link":"https:\/\/zsuzsanna-kh.internetworking.hu\/?product=kerti-to-epito-keszlet","title":{"rendered":"Kerti t\u00f3 \u00e9p\u00edt\u0151 k\u00e9szlet"},"content":{"rendered":"<p>Mindent tartalmaz, ami egy kis kerti t\u00f3hoz sz\u00fcks\u00e9ges<\/p>\n","protected":false},"excerpt":{"rendered":"<p>Mindent tartalmaz, ami egy kis kerti t\u00f3hoz sz\u00fcks\u00e9ges<\/p>\n","protected":false},"featured_media":707,"template":"","meta":[],"product_brand":[],"product_cat":[44],"product_tag":[60,61],"class_list":{"0":"post-708","1":"product","2":"type-product","3":"status-publish","4":"has-post-thumbnail","6":"product_cat-tartozekok","7":"product_tag-csak-uzletben","8":"product_tag-uj","10":"first","11":"outofstock","12":"taxable","13":"shipping-taxable","14":"purchasable","15":"product-type-simple"},"_links":{"self":[{"href":"https:\/\/zsuzsanna-kh.internetworking.hu\/index.php?rest_route=\/wp\/v2\/product\/708","targetHints":{"allow":["GET"]}}],"collection":[{"href":"https:\/\/zsuzsanna-kh.internetworking.hu\/index.php?rest_route=\/wp\/v2\/product"}],"about":[{"href":"https:\/\/zsuzsanna-kh.internetworking.hu\/index.php?rest_route=\/wp\/v2\/types\/product"}],"wp:featuredmedia":[{"embeddable":true,"href":"https:\/\/zsuzsanna-kh.internetworking.hu\/index.php?rest_route=\/wp\/v2\/media\/707"}],"wp:attachment":[{"href":"https:\/\/zsuzsanna-kh.internetworking.hu\/index.php?rest_route=%2Fwp%2Fv2%2Fmedia&parent=708"}],"wp:term":[{"taxonomy":"product_brand","embeddable":true,"href":"https:\/\/zsuzsanna-kh.internetworking.hu\/index.php?rest_route=%2Fwp%2Fv2%2Fproduct_brand&post=708"},{"taxonomy":"product_cat","embeddable":true,"href":"https:\/\/zsuzsanna-kh.internetworking.hu\/index.php?rest_route=%2Fwp%2Fv2%2Fproduct_cat&post=708"},{"taxonomy":"product_tag","embeddable":true,"href":"https:\/\/zsuzsanna-kh.internetworking.hu\/index.php?rest_route=%2Fwp%2Fv2%2Fproduct_tag&post=708"}],"curies":[{"name":"wp","href":"https:\/\/api.w.org\/{rel}","templated":true}]}}